{"id":615,"date":"2019-08-16T07:19:58","date_gmt":"2019-08-16T07:19:58","guid":{"rendered":"http:\/\/localhost\/industris\/?page_id=615"},"modified":"2021-05-17T07:44:43","modified_gmt":"2021-05-17T07:44:43","slug":"turbinska-oprema-2","status":"publish","type":"page","link":"https:\/\/banstroj.ba\/en\/turbinska-oprema-2\/","title":{"rendered":"Turbine Equipment"},"content":{"rendered":"<div data-elementor-type=\"wp-post\" data-elementor-id=\"615\" class=\"elementor elementor-615\">\n\t\t\t\t\t\t<div class=\"elementor-inner\">\n\t\t\t\t<div class=\"elementor-section-wrap\">\n\t\t\t\t\t\t\t\t\t<section class=\"elementor-section elementor-top-section elementor-element elementor-element-fbd6851 elementor-section-boxed elementor-section-height-default elementor-section-height-default\" data-id=\"fbd6851\" data-element_type=\"section\" data-settings=\"{&quot;background_background&quot;:&quot;classic&quot;}\">\n\t\t\t\t\t\t<div class=\"elementor-container elementor-column-gap-default\">\n\t\t\t\t\t\t\t<div class=\"elementor-row\">\n\t\t\t\t\t<div class=\"elementor-column elementor-col-100 elementor-top-column elementor-element elementor-element-a422394\" data-id=\"a422394\" data-element_type=\"column\">\n\t\t\t<div class=\"elementor-column-wrap elementor-element-populated\">\n\t\t\t\t\t\t\t<div class=\"elementor-widget-wrap\">\n\t\t\t\t\t\t<section class=\"elementor-section elementor-inner-section elementor-element elementor-element-2cc85ce elementor-section-full_width elementor-section-height-default elementor-section-height-default\" data-id=\"2cc85ce\" data-element_type=\"section\">\n\t\t\t\t\t\t<div class=\"elementor-container elementor-column-gap-extended\">\n\t\t\t\t\t\t\t<div class=\"elementor-row\">\n\t\t\t\t\t<div class=\"elementor-column elementor-col-50 elementor-inner-column elementor-element elementor-element-4011159\" data-id=\"4011159\" data-element_type=\"column\">\n\t\t\t<div class=\"elementor-column-wrap elementor-element-populated\">\n\t\t\t\t\t\t\t<div class=\"elementor-widget-wrap\">\n\t\t\t\t\t\t<div class=\"elementor-element elementor-element-4770645 elementor-widget elementor-widget-iheading\" data-id=\"4770645\" data-element_type=\"widget\" data-widget_type=\"iheading.default\">\n\t\t\t\t<div class=\"elementor-widget-container\">\n\t\t\t\t\t<div class=\"section-head\">\r\n\t        \t            <h6 class=\"text-primary\">TURBINE<\/h6>\r\n\t        \t        <h2 class=\"section-title\">TURBINE EQUIPMENT <span class=\"text-primary\"><\/span><\/h2>\r\n\t        \t    <\/div>\r\n\t    \t\t<\/div>\n\t\t\t\t<\/div>\n\t\t\t\t\t\t<\/div>\n\t\t\t\t\t<\/div>\n\t\t<\/div>\n\t\t\t\t<div class=\"elementor-column elementor-col-50 elementor-inner-column elementor-element elementor-element-0615c80\" data-id=\"0615c80\" data-element_type=\"column\">\n\t\t\t<div class=\"elementor-column-wrap elementor-element-populated\">\n\t\t\t\t\t\t\t<div class=\"elementor-widget-wrap\">\n\t\t\t\t\t\t<div class=\"elementor-element elementor-element-f1986d6 elementor-widget elementor-widget-text-editor\" data-id=\"f1986d6\" data-element_type=\"widget\" data-widget_type=\"text-editor.default\">\n\t\t\t\t<div class=\"elementor-widget-container\">\n\t\t\t\t\t\t\t\t<div class=\"elementor-text-editor elementor-clearfix\">\n\t\t\t\t\t\t\t\t\t<\/div>\n\t\t\t\t\t\t<\/div>\n\t\t\t\t<\/div>\n\t\t\t\t\t\t<\/div>\n\t\t\t\t\t<\/div>\n\t\t<\/div>\n\t\t\t\t\t\t\t\t<\/div>\n\t\t\t\t\t<\/div>\n\t\t<\/section>\n\t\t\t\t<section class=\"elementor-section elementor-inner-section elementor-element elementor-element-af366eb elementor-section-full_width elementor-section-height-default elementor-section-height-default\" data-id=\"af366eb\" data-element_type=\"section\">\n\t\t\t\t\t\t<div class=\"elementor-container elementor-column-gap-extended\">\n\t\t\t\t\t\t\t<div class=\"elementor-row\">\n\t\t\t\t\t<div class=\"elementor-column elementor-col-100 elementor-inner-column elementor-element elementor-element-be889bc\" data-id=\"be889bc\" data-element_type=\"column\">\n\t\t\t<div class=\"elementor-column-wrap elementor-element-populated\">\n\t\t\t\t\t\t\t<div class=\"elementor-widget-wrap\">\n\t\t\t\t\t\t<div class=\"elementor-element elementor-element-f3ef09c elementor-widget elementor-widget-iservices_grid\" data-id=\"f3ef09c\" data-element_type=\"widget\" data-widget_type=\"iservices_grid.default\">\n\t\t\t\t<div class=\"elementor-widget-container\">\n\t\t\t\t\t<div class=\"grid-services row\">\r\n\t\t\t\r\n\t\t\t<div class=\"service-item col-md-4 col-sm-6\">\r\n\t\t\t\t<div class=\"relative\">\r\n\t                <a class=\"overlay\" href=\"https:\/\/banstroj.ba\/en\/service\/pelton-turbine\/\"><\/a>\r\n\t                <div class=\"service-info\">\r\n\t                    <h4 class=\"service-name\">\r\n\t                    \t<a href=\"https:\/\/banstroj.ba\/en\/service\/pelton-turbine\/\">Pelton Turbines<\/a>\r\n\t                    <\/h4>\r\n\t                    <a class=\"btn-details\" href=\"https:\/\/banstroj.ba\/en\/service\/pelton-turbine\/\">Look more <i class=\"icon ion-md-add-circle-outline\"><\/i><\/a>                    <\/div>\r\n\t            \t<img decoding=\"async\" src=\"https:\/\/banstroj.ba\/wp-content\/uploads\/2019\/08\/peltonturbina.jpg\" alt=\"Pelton Turbine\" \/>\r\n\t            <\/div>\r\n            <\/div>\r\n\r\n\t\t\t\r\n\t\t\t<div class=\"service-item col-md-4 col-sm-6\">\r\n\t\t\t\t<div class=\"relative\">\r\n\t                <a class=\"overlay\" href=\"https:\/\/banstroj.ba\/en\/service\/francis-turbine\/\"><\/a>\r\n\t                <div class=\"service-info\">\r\n\t                    <h4 class=\"service-name\">\r\n\t                    \t<a href=\"https:\/\/banstroj.ba\/en\/service\/francis-turbine\/\">Franics Turbine<\/a>\r\n\t                    <\/h4>\r\n\t                    <a class=\"btn-details\" href=\"https:\/\/banstroj.ba\/en\/service\/francis-turbine\/\">Look more <i class=\"icon ion-md-add-circle-outline\"><\/i><\/a>                    <\/div>\r\n\t            \t<img decoding=\"async\" src=\"https:\/\/banstroj.ba\/wp-content\/uploads\/2019\/08\/francisturbine.jpg\" alt=\"Franics Turbine\" \/>\r\n\t            <\/div>\r\n            <\/div>\r\n\r\n\t\t\t\r\n\t\t\t<div class=\"service-item col-md-4 col-sm-6\">\r\n\t\t\t\t<div class=\"relative\">\r\n\t                <a class=\"overlay\" href=\"https:\/\/banstroj.ba\/en\/service\/kaplan-turbine\/\"><\/a>\r\n\t                <div class=\"service-info\">\r\n\t                    <h4 class=\"service-name\">\r\n\t                    \t<a href=\"https:\/\/banstroj.ba\/en\/service\/kaplan-turbine\/\">Kaplan Turbines<\/a>\r\n\t                    <\/h4>\r\n\t                    <a class=\"btn-details\" href=\"https:\/\/banstroj.ba\/en\/service\/kaplan-turbine\/\">Look more <i class=\"icon ion-md-add-circle-outline\"><\/i><\/a>                    <\/div>\r\n\t            \t<img decoding=\"async\" src=\"https:\/\/banstroj.ba\/wp-content\/uploads\/2019\/08\/kaplanturbine.jpg\" alt=\"Kaplan Turbine\" \/>\r\n\t            <\/div>\r\n            <\/div>\r\n\r\n\t\t\t\t    <\/div>\r\n\t    \t\t<\/div>\n\t\t\t\t<\/div>\n\t\t\t\t\t\t<\/div>\n\t\t\t\t\t<\/div>\n\t\t<\/div>\n\t\t\t\t\t\t\t\t<\/div>\n\t\t\t\t\t<\/div>\n\t\t<\/section>\n\t\t\t\t\t\t<\/div>\n\t\t\t\t\t<\/div>\n\t\t<\/div>\n\t\t\t\t\t\t\t\t<\/div>\n\t\t\t\t\t<\/div>\n\t\t<\/section>\n\t\t\t\t\t\t\t\t\t<\/div>\n\t\t\t<\/div>\n\t\t\t\t\t<\/div>","protected":false},"excerpt":{"rendered":"<p>TURBINE TURBINSKA OPREMA Pelton Turbine Pogledaj vi\u0161e Franics Turbine Pogledaj vi\u0161e Kaplan Turbine Pogledaj vi\u0161e<\/p>","protected":false},"author":1,"featured_media":0,"parent":0,"menu_order":0,"comment_status":"closed","ping_status":"closed","template":"","meta":[],"_links":{"self":[{"href":"https:\/\/banstroj.ba\/en\/wp-json\/wp\/v2\/pages\/615"}],"collection":[{"href":"https:\/\/banstroj.ba\/en\/wp-json\/wp\/v2\/pages"}],"about":[{"href":"https:\/\/banstroj.ba\/en\/wp-json\/wp\/v2\/types\/page"}],"author":[{"embeddable":true,"href":"https:\/\/banstroj.ba\/en\/wp-json\/wp\/v2\/users\/1"}],"replies":[{"embeddable":true,"href":"https:\/\/banstroj.ba\/en\/wp-json\/wp\/v2\/comments?post=615"}],"version-history":[{"count":20,"href":"https:\/\/banstroj.ba\/en\/wp-json\/wp\/v2\/pages\/615\/revisions"}],"predecessor-version":[{"id":2558,"href":"https:\/\/banstroj.ba\/en\/wp-json\/wp\/v2\/pages\/615\/revisions\/2558"}],"wp:attachment":[{"href":"https:\/\/banstroj.ba\/en\/wp-json\/wp\/v2\/media?parent=615"}],"curies":[{"name":"wp","href":"https:\/\/api.w.org\/{rel}","templated":true}]}}